{"id":582,"date":"2025-04-15T16:28:04","date_gmt":"2025-04-15T16:28:04","guid":{"rendered":"https:\/\/yellow-elephant-834444.hostingersite.com\/?post_type=product&#038;p=582"},"modified":"2026-03-02T22:28:47","modified_gmt":"2026-03-02T22:28:47","slug":"combo-clasico","status":"publish","type":"product","link":"https:\/\/zen-shi.com\/en\/product\/combo-clasico\/","title":{"rendered":"Classic Bundle"},"content":{"rendered":"","protected":false},"excerpt":{"rendered":"<p><strong>Classic Bundle<\/strong><br \/>\n<strong>\u00bfQu\u00e9 incluye?<\/strong><br \/>\n<strong>\u2714\ufe0f 4 caf\u00e9s cl\u00e1sicos con Reishi<\/strong><\/p>\n<p>\u00bfPor qu\u00e9 lo necesitas?<br \/>\nEs la opci\u00f3n perfecta si ya sabes que el caf\u00e9 cl\u00e1sico saludable es tu aliado. Este caf\u00e9 no solo te activa por las ma\u00f1anas, tambi\u00e9n apoya tu sistema inmune, mejora la digesti\u00f3n y contribuye a regular el az\u00facar en sangre. Con el sabor fuerte del caf\u00e9 oscuro que necesitas todos los d\u00edas.<br \/>\nGracias al reishi, cada taza es un impulso natural para tu bienestar, sin ansiedad ni malestar estomacal.<\/p>\n<p><strong>Ideal para quienes toman caf\u00e9 todos los d\u00edas y quieren hacerlo de forma consciente, saludable y deliciosa<\/strong><\/p>","protected":false},"featured_media":564,"template":"","meta":[],"product_brand":[],"product_cat":[27,29,30],"product_tag":[32],"class_list":{"0":"post-582","1":"product","2":"type-product","3":"status-publish","4":"has-post-thumbnail","6":"product_cat-bebidas-saludables","7":"product_cat-combos-en-descuento","8":"product_cat-todas-las-categorias","9":"product_tag-combos-en-descuento","11":"first","12":"instock","13":"sale","14":"shipping-taxable","15":"purchasable","16":"product-type-simple"},"_links":{"self":[{"href":"https:\/\/zen-shi.com\/en\/wp-json\/wp\/v2\/product\/582","targetHints":{"allow":["GET"]}}],"collection":[{"href":"https:\/\/zen-shi.com\/en\/wp-json\/wp\/v2\/product"}],"about":[{"href":"https:\/\/zen-shi.com\/en\/wp-json\/wp\/v2\/types\/product"}],"wp:featuredmedia":[{"embeddable":true,"href":"https:\/\/zen-shi.com\/en\/wp-json\/wp\/v2\/media\/564"}],"wp:attachment":[{"href":"https:\/\/zen-shi.com\/en\/wp-json\/wp\/v2\/media?parent=582"}],"wp:term":[{"taxonomy":"product_brand","embeddable":true,"href":"https:\/\/zen-shi.com\/en\/wp-json\/wp\/v2\/product_brand?post=582"},{"taxonomy":"product_cat","embeddable":true,"href":"https:\/\/zen-shi.com\/en\/wp-json\/wp\/v2\/product_cat?post=582"},{"taxonomy":"product_tag","embeddable":true,"href":"https:\/\/zen-shi.com\/en\/wp-json\/wp\/v2\/product_tag?post=582"}],"curies":[{"name":"wp","href":"https:\/\/api.w.org\/{rel}","templated":true}]}}